{"id":32,"date":"2021-04-02T22:50:45","date_gmt":"2021-04-02T20:50:45","guid":{"rendered":"https:\/\/albanienmaklaren.se\/?page_id=32"},"modified":"2023-01-09T12:25:24","modified_gmt":"2023-01-09T11:25:24","slug":"hyra-eller-kopa-lagenhet","status":"publish","type":"page","link":"https:\/\/albanienmaklaren.se\/?page_id=32","title":{"rendered":"Hyra eller k\u00f6pa l\u00e4genhet"},"content":{"rendered":"\n<p><strong>Hyr l\u00e4genhet i Saranda!<\/strong><\/p>\n\n\n\n<p>Tre moderna och v\u00e4lutrustade l\u00e4genheter med havsutsikt och n\u00e4ra till bad och restauranger!<\/p>\n\n\n\n<p>Klicka p\u00e5 l\u00e4nken >>\u00a0<a href=\"https:\/\/www.vrbo.com\/sv-se\/semesterhus\/p11198017\" target=\"_blank\" rel=\"noreferrer noopener\">https:\/\/www.vrbo.com\/sv-se\/semesterhus\/p11198017<\/a><\/p>\n\n\n\n<figure class=\"wp-block-image size-large\"><img loading=\"lazy\" decoding=\"async\" width=\"1024\" height=\"768\" src=\"https:\/\/albanienmaklaren.se\/wp-content\/uploads\/2021\/04\/5853993b.f10.jpg\" alt=\"\" class=\"wp-image-98\" srcset=\"https:\/\/albanienmaklaren.se\/wp-content\/uploads\/2021\/04\/5853993b.f10.jpg 1024w, https:\/\/albanienmaklaren.se\/wp-content\/uploads\/2021\/04\/5853993b.f10-300x225.jpg 300w, https:\/\/albanienmaklaren.se\/wp-content\/uploads\/2021\/04\/5853993b.f10-768x576.jpg 768w, https:\/\/albanienmaklaren.se\/wp-content\/uploads\/2021\/04\/5853993b.f10-150x113.jpg 150w\" sizes=\"auto, (max-width: 1024px) 100vw, 1024px\" \/><figcaption class=\"wp-element-caption\">Utsikt fr\u00e5n v\u00e5r l\u00e4genhet &#8221;A10&#8221;<\/figcaption><\/figure>\n\n\n\n<p><\/p>\n\n\n\n<p><strong><br>K\u00f6pa l\u00e4genhet<\/strong><\/p>\n\n\n\n<p>Vill du se exempel p\u00e5 nyproducerade l\u00e4genheter till salu?<\/p>\n\n\n\n<p>Kontakta oss f\u00f6r tips p\u00e5 m\u00e4klare!<\/p>\n","protected":false},"excerpt":{"rendered":"<p>Hyr l\u00e4genhet i Saranda! Tre moderna och v\u00e4lutrustade l\u00e4genheter med havsutsikt och n\u00e4ra till bad och restauranger! Klicka p\u00e5 l\u00e4nken >>\u00a0https:\/\/www.vrbo.com\/sv-se\/semesterhus\/p11198017 K\u00f6pa l\u00e4genhet Vill du se exempel p\u00e5 nyproducerade l\u00e4genheter till salu? Kontakta oss f\u00f6r tips p\u00e5 m\u00e4klare!<\/p>\n<p class=\"continue-reading-button\"> <a class=\"continue-reading-link\" href=\"https:\/\/albanienmaklaren.se\/?page_id=32\">L\u00e4s mer<i class=\"crycon-right-dir\"><\/i><\/a><\/p>\n","protected":false},"author":1,"featured_media":0,"parent":0,"menu_order":6,"comment_status":"closed","ping_status":"closed","template":"","meta":{"footnotes":""},"class_list":["post-32","page","type-page","status-publish","hentry"],"_links":{"self":[{"href":"https:\/\/albanienmaklaren.se\/index.php?rest_route=\/wp\/v2\/pages\/32","targetHints":{"allow":["GET"]}}],"collection":[{"href":"https:\/\/albanienmaklaren.se\/index.php?rest_route=\/wp\/v2\/pages"}],"about":[{"href":"https:\/\/albanienmaklaren.se\/index.php?rest_route=\/wp\/v2\/types\/page"}],"author":[{"embeddable":true,"href":"https:\/\/albanienmaklaren.se\/index.php?rest_route=\/wp\/v2\/users\/1"}],"replies":[{"embeddable":true,"href":"https:\/\/albanienmaklaren.se\/index.php?rest_route=%2Fwp%2Fv2%2Fcomments&post=32"}],"version-history":[{"count":8,"href":"https:\/\/albanienmaklaren.se\/index.php?rest_route=\/wp\/v2\/pages\/32\/revisions"}],"predecessor-version":[{"id":170,"href":"https:\/\/albanienmaklaren.se\/index.php?rest_route=\/wp\/v2\/pages\/32\/revisions\/170"}],"wp:attachment":[{"href":"https:\/\/albanienmaklaren.se\/index.php?rest_route=%2Fwp%2Fv2%2Fmedia&parent=32"}],"curies":[{"name":"wp","href":"https:\/\/api.w.org\/{rel}","templated":true}]}}