{"id":30,"date":"2021-04-02T22:49:05","date_gmt":"2021-04-02T20:49:05","guid":{"rendered":"https:\/\/albanienmaklaren.se\/?page_id=30"},"modified":"2022-10-18T10:16:29","modified_gmt":"2022-10-18T08:16:29","slug":"om-albanien","status":"publish","type":"page","link":"https:\/\/albanienmaklaren.se\/?page_id=30","title":{"rendered":"Om Albanien"},"content":{"rendered":"\n<div class=\"wp-block-media-text alignwide is-stacked-on-mobile\"><figure class=\"wp-block-media-text__media\"><img loading=\"lazy\" decoding=\"async\" width=\"330\" height=\"352\" src=\"https:\/\/albanienmaklaren.se\/wp-content\/uploads\/2021\/04\/Albania_Map_comercial.png\" alt=\"\" class=\"wp-image-106 size-full\" srcset=\"https:\/\/albanienmaklaren.se\/wp-content\/uploads\/2021\/04\/Albania_Map_comercial.png 330w, https:\/\/albanienmaklaren.se\/wp-content\/uploads\/2021\/04\/Albania_Map_comercial-281x300.png 281w, https:\/\/albanienmaklaren.se\/wp-content\/uploads\/2021\/04\/Albania_Map_comercial-141x150.png 141w\" sizes=\"auto, (max-width: 330px) 100vw, 330px\" \/><\/figure><div class=\"wp-block-media-text__content\">\n<p class=\"has-large-font-size\"><\/p>\n<\/div><\/div>\n\n\n\n<p>Albaniens officiella turistsida:<\/p>\n\n\n\n<p><a href=\"http:\/\/www.albaniantourism.com\">http:\/\/www.albaniantourism.com<\/a><\/p>\n\n\n\n<p>Friluftsturism<\/p>\n\n\n\n<p><a rel=\"noreferrer noopener\" href=\"http:\/\/www.outdooralbania.com\/\" target=\"_blank\">http:\/\/www.outdooralbania.com<\/a><\/p>\n\n\n\n<p>L\u00e4nkar till olika artiklar om&nbsp;Albanien!<\/p>\n\n\n\n<p><a href=\"http:\/\/www.expressen.se\/allt-om-resor\/albanien-i-sommar--har-ar-10-basta-tipsen\/\">http:\/\/www.expressen.se\/allt-om-resor\/albanien-i-sommar&#8211;har-ar-10-basta-tipsen\/<\/a><\/p>\n\n\n\n<p><a href=\"http:\/\/www.icakuriren.se\/Resor-Fritid\/Albanien---en-mystisk-skonhet\/\">http:\/\/www.icakuriren.se\/Resor-Fritid\/Albanien&#8212;en-mystisk-skonhet\/<\/a><\/p>\n\n\n\n<p><a href=\"http:\/\/www.svd.se\/resor\/har-ar-det-nya-charterresmalet_3448390.svd\">http:\/\/www.svd.se\/resor\/har-ar-det-nya-charterresmalet_3448390.svd<\/a><\/p>\n\n\n\n<p><a href=\"http:\/\/www.expressen.se\/res\/albaniens-vackra-kust---ett-soldrankt-resmal\">http:\/\/www.expressen.se\/res\/albaniens-vackra-kust&#8212;ett-soldrankt-resmal<\/a><\/p>\n\n\n\n<p><a href=\"http:\/\/www.reseguiden.se\/artiklar\/albaniens-basta-charter-9045\">http:\/\/www.reseguiden.se\/artiklar\/albaniens-basta-charter-9045<\/a><\/p>\n\n\n\n<p><a href=\"http:\/\/www.reseguiden.se\/artiklar\/lar-kanna-albanien-i-sommar-8398\">http:\/\/www.reseguiden.se\/artiklar\/lar-kanna-albanien-i-sommar-8398<\/a><\/p>\n\n\n\n<p><a href=\"http:\/\/www.vagabond.se\/artiklar\/resmal\/20130321\/albanien-medelhavets-oupptackta-strander\">http:\/\/www.vagabond.se\/artiklar\/resmal\/20130321\/albanien-medelhavets-oupptackta-strander<\/a><\/p>\n\n\n\n<p>L\u00e4genheter:<\/p>\n\n\n\n<p><em>Kontakta oss f\u00f6r tips p\u00e5 bra m\u00e4klare<\/em><\/p>\n\n\n\n<p>Exempel p\u00e5 engelskspr\u00e5kig albansk media:<\/p>\n\n\n\n<p><a href=\"http:\/\/www.top-channel.tv\/english\/http:\/\/www.tiranatimes.com\/http:\/\/www.albaniannews.com\/\">http:\/\/www.top-channel.tv\/english\/http:\/\/www.tiranatimes.com\/http:\/\/www.albaniannews.com\/<\/a><\/p>\n\n\n\n<p>Engelskspr\u00e5kiga artiklar:<\/p>\n\n\n\n<p><a href=\"http:\/\/www.dailymail.co.uk\/travel\/article-2320892\/Albania-holidays-Beaches-bargains-Europes-hidden-secret.html\">http:\/\/www.dailymail.co.uk\/travel\/article-2320892\/Albania-holidays-Beaches-bargains-Europes-hidden-secret.html<\/a><\/p>\n\n\n\n<p><a href=\"http:\/\/www.dailymail.co.uk\/travel\/article-1167690\/A-Twelfth-Night-tour-Albania-land-time-forgot.html\">http:\/\/www.dailymail.co.uk\/travel\/article-1167690\/A-Twelfth-Night-tour-Albania-land-time-forgot.html<\/a><\/p>\n","protected":false},"excerpt":{"rendered":"<p>Albaniens officiella turistsida: http:\/\/www.albaniantourism.com Friluftsturism http:\/\/www.outdooralbania.com L\u00e4nkar till olika artiklar om&nbsp;Albanien! http:\/\/www.expressen.se\/allt-om-resor\/albanien-i-sommar&#8211;har-ar-10-basta-tipsen\/ http:\/\/www.icakuriren.se\/Resor-Fritid\/Albanien&#8212;en-mystisk-skonhet\/ http:\/\/www.svd.se\/resor\/har-ar-det-nya-charterresmalet_3448390.svd http:\/\/www.expressen.se\/res\/albaniens-vackra-kust&#8212;ett-soldrankt-resmal http:\/\/www.reseguiden.se\/artiklar\/albaniens-basta-charter-9045 http:\/\/www.reseguiden.se\/artiklar\/lar-kanna-albanien-i-sommar-8398 http:\/\/www.vagabond.se\/artiklar\/resmal\/20130321\/albanien-medelhavets-oupptackta-strander L\u00e4genheter: Kontakta oss f\u00f6r tips p\u00e5 bra m\u00e4klare Exempel p\u00e5 engelskspr\u00e5kig albansk media: http:\/\/www.top-channel.tv\/english\/http:\/\/www.tiranatimes.com\/http:\/\/www.albaniannews.com\/ Engelskspr\u00e5kiga artiklar: http:\/\/www.dailymail.co.uk\/travel\/article-2320892\/Albania-holidays-Beaches-bargains-Europes-hidden-secret.html http:\/\/www.dailymail.co.uk\/travel\/article-1167690\/A-Twelfth-Night-tour-Albania-land-time-forgot.html<\/p>\n<p class=\"continue-reading-button\"> <a class=\"continue-reading-link\" href=\"https:\/\/albanienmaklaren.se\/?page_id=30\">L\u00e4s mer<i class=\"crycon-right-dir\"><\/i><\/a><\/p>\n","protected":false},"author":1,"featured_media":0,"parent":0,"menu_order":7,"comment_status":"closed","ping_status":"closed","template":"","meta":{"footnotes":""},"class_list":["post-30","page","type-page","status-publish","hentry"],"_links":{"self":[{"href":"https:\/\/albanienmaklaren.se\/index.php?rest_route=\/wp\/v2\/pages\/30","targetHints":{"allow":["GET"]}}],"collection":[{"href":"https:\/\/albanienmaklaren.se\/index.php?rest_route=\/wp\/v2\/pages"}],"about":[{"href":"https:\/\/albanienmaklaren.se\/index.php?rest_route=\/wp\/v2\/types\/page"}],"author":[{"embeddable":true,"href":"https:\/\/albanienmaklaren.se\/index.php?rest_route=\/wp\/v2\/users\/1"}],"replies":[{"embeddable":true,"href":"https:\/\/albanienmaklaren.se\/index.php?rest_route=%2Fwp%2Fv2%2Fcomments&post=30"}],"version-history":[{"count":4,"href":"https:\/\/albanienmaklaren.se\/index.php?rest_route=\/wp\/v2\/pages\/30\/revisions"}],"predecessor-version":[{"id":163,"href":"https:\/\/albanienmaklaren.se\/index.php?rest_route=\/wp\/v2\/pages\/30\/revisions\/163"}],"wp:attachment":[{"href":"https:\/\/albanienmaklaren.se\/index.php?rest_route=%2Fwp%2Fv2%2Fmedia&parent=30"}],"curies":[{"name":"wp","href":"https:\/\/api.w.org\/{rel}","templated":true}]}}