{"id":24,"date":"2021-04-02T22:42:00","date_gmt":"2021-04-02T20:42:00","guid":{"rendered":"https:\/\/albanienmaklaren.se\/?page_id=24"},"modified":"2021-04-06T20:15:28","modified_gmt":"2021-04-06T18:15:28","slug":"restauranger-uteliv","status":"publish","type":"page","link":"https:\/\/albanienmaklaren.se\/?page_id=24","title":{"rendered":"Restauranger &#038; uteliv"},"content":{"rendered":"\n<h3 class=\"wp-block-heading\">Allm\u00e4nt &#8211; att leva i Albanien<\/h3>\n\n\n\n<p>Att handla mat i Albanien \u00e4r ett rent n\u00f6je.&nbsp;Priserna \u00e4r mycket l\u00e5ga, en nybakad br\u00f6dlimpa kostar bara n\u00e5gra kronor i bageriet.&nbsp;Det finns m\u00e5nga sm\u00e5aff\u00e4rer med varierande utbud. Stora k\u00f6pcentran finns det inte alls, bortsett fr\u00e5n i de st\u00f6rsta st\u00e4derna.<\/p>\n\n\n\n<p>I ett litet &#8217;h\u00e5l i v\u00e4ggen&#8217; s\u00e4ljs kaffe som butiksinnehavaren maler p\u00e5 plats. I butiken intill s\u00e4ljes damkl\u00e4der och lite l\u00e4ngre bort ligger en m\u00f6belaff\u00e4r v\u00e4gg i v\u00e4gg med slaktaren.<\/p>\n\n\n\n<p>P\u00e5 marknaden nere vid hamnen s\u00e4ljs allt ifr\u00e5n nyf\u00e5ngad fisk och levande kalkoner till frukt, gr\u00f6nsaker och kryddor. Allt till mycket l\u00e5ga priser och givetvis n\u00e4rproducerat.<\/p>\n\n\n\n<figure class=\"wp-block-image size-large\"><img loading=\"lazy\" decoding=\"async\" width=\"318\" height=\"201\" src=\"https:\/\/albanienmaklaren.se\/wp-content\/uploads\/2021\/04\/Marknaden.png\" alt=\"\" class=\"wp-image-71\" srcset=\"https:\/\/albanienmaklaren.se\/wp-content\/uploads\/2021\/04\/Marknaden.png 318w, https:\/\/albanienmaklaren.se\/wp-content\/uploads\/2021\/04\/Marknaden-300x190.png 300w, https:\/\/albanienmaklaren.se\/wp-content\/uploads\/2021\/04\/Marknaden-150x95.png 150w\" sizes=\"auto, (max-width: 318px) 100vw, 318px\" \/><\/figure>\n\n\n\n<p>Att handla p\u00e5 marknaden \u00e4r b\u00e5de roligt och billigt<\/p>\n\n\n\n<p>Om man \u00e4r ute p\u00e5 en tidig morgonpromenad ser man fiskarna l\u00e4gga ut sina n\u00e4t f\u00f6r hand fr\u00e5n sina sm\u00e5 vitm\u00e5lade fiskeb\u00e5tar ute i bukten. N\u00e5gra timmar senare \u00e4r det folksamling i den lilla hamnen n\u00e4r b\u00e5tarna kommer in och lossar sin f\u00e5ngst. Runt omkring i grupper st\u00e5r lokalinv\u00e5nare, fr\u00e4mst \u00e4ldre m\u00e4n, och diskuterar allt mellan himmel och jord.<\/p>\n\n\n\n<figure class=\"wp-block-image size-large\"><img loading=\"lazy\" decoding=\"async\" width=\"318\" height=\"210\" src=\"https:\/\/albanienmaklaren.se\/wp-content\/uploads\/2021\/04\/Saranda-hamn_318x201.png\" alt=\"\" class=\"wp-image-74\" srcset=\"https:\/\/albanienmaklaren.se\/wp-content\/uploads\/2021\/04\/Saranda-hamn_318x201.png 318w, https:\/\/albanienmaklaren.se\/wp-content\/uploads\/2021\/04\/Saranda-hamn_318x201-300x198.png 300w, https:\/\/albanienmaklaren.se\/wp-content\/uploads\/2021\/04\/Saranda-hamn_318x201-150x99.png 150w\" sizes=\"auto, (max-width: 318px) 100vw, 318px\" \/><\/figure>\n\n\n\n<p><a href=\"http:\/\/www.albanienmaklaren.se\/wp-content\/uploads\/2014\/02\/Saranda-hamn_318x201.png\"><\/a>&nbsp;Den lilla fiskehamnen i Saranda<\/p>\n\n\n\n<p>Aprop\u00e5 himmel s\u00e5 \u00e4r albanerna ett av v\u00e4rldens minst religi\u00f6sa folk. Ca 70% av befolkningen s\u00e4ger sig inte tillh\u00f6ra n\u00e5gon religion.<\/p>\n\n\n\n<p>Brottsligheten \u00e4r mycket l\u00e5g, l\u00e4gre \u00e4n i l\u00e4nder som Sverige och Danmark.<\/p>\n\n\n\n<h2 class=\"wp-block-heading\">\u00c4ta ute<\/h2>\n\n\n\n<p>Kaf\u00e9kulturen \u00e4r djupt rotad i Albanien, \u00f6verallt samlas m\u00e4nniskor f\u00f6r att umg\u00e5s \u00f6ver en kopp espresso eller liknande.<\/p>\n\n\n\n<p>Det finns m\u00e5nga restauranger att v\u00e4lja p\u00e5. De flesta har \u00f6ppet \u00e5ret runt medan andra st\u00e4nger f\u00f6r vintern. Utbudet \u00e4r allt fr\u00e5n snabbmat till gourmet.<\/p>\n\n\n\n<p>Om man bes\u00f6ker en restaurang av normalklass och \u00e4ter en trer\u00e4tters middag med vin eller \u00f6l samt kaffe och avec s\u00e5 landar notan mellan 70 och 90 kronor.<\/p>\n\n\n\n<figure class=\"wp-block-image size-large\"><img loading=\"lazy\" decoding=\"async\" width=\"318\" height=\"201\" src=\"https:\/\/albanienmaklaren.se\/wp-content\/uploads\/2021\/04\/Lekursi_restaurant_318x201.png\" alt=\"\" class=\"wp-image-127\" srcset=\"https:\/\/albanienmaklaren.se\/wp-content\/uploads\/2021\/04\/Lekursi_restaurant_318x201.png 318w, https:\/\/albanienmaklaren.se\/wp-content\/uploads\/2021\/04\/Lekursi_restaurant_318x201-300x190.png 300w, https:\/\/albanienmaklaren.se\/wp-content\/uploads\/2021\/04\/Lekursi_restaurant_318x201-150x95.png 150w\" sizes=\"auto, (max-width: 318px) 100vw, 318px\" \/><\/figure>\n\n\n\n<p>Slottet Lekursi med utsikt \u00f6ver Saranda-bukten<\/p>\n\n\n\n<p>Ett popul\u00e4rt index f\u00f6r att j\u00e4mf\u00f6ra prisniv\u00e5er i olika l\u00e4nder brukar vara \u2019en stor \u00f6l p\u00e5 restaurang\u2019. I Albanien kostar den ca tio kronor.<\/p>\n\n\n\n<p>Sajten Your Sea Dream har gjort en sammanst\u00e4llning \u00f6ver trevliga restauranger i Saranda:<br><a href=\"http:\/\/yourseadream.com\/in-saranda\/restaurants.html\" target=\"_blank\" rel=\"noreferrer noopener\">http:\/\/yourseadream.com\/in-saranda\/restaurants.html<\/a><\/p>\n\n\n\n<p>Nattklubbar<\/p>\n\n\n\n<figure class=\"wp-block-image size-large\"><img loading=\"lazy\" decoding=\"async\" width=\"318\" height=\"201\" src=\"https:\/\/albanienmaklaren.se\/wp-content\/uploads\/2021\/04\/Disco-durres_318x201.png\" alt=\"\" class=\"wp-image-75\" srcset=\"https:\/\/albanienmaklaren.se\/wp-content\/uploads\/2021\/04\/Disco-durres_318x201.png 318w, https:\/\/albanienmaklaren.se\/wp-content\/uploads\/2021\/04\/Disco-durres_318x201-300x190.png 300w, https:\/\/albanienmaklaren.se\/wp-content\/uploads\/2021\/04\/Disco-durres_318x201-150x95.png 150w\" sizes=\"auto, (max-width: 318px) 100vw, 318px\" \/><\/figure>\n\n\n\n<p><a href=\"http:\/\/www.albanienmaklaren.se\/wp-content\/uploads\/2014\/02\/Disco-durres_318x201.png\"><\/a>&nbsp;Diskotekspir i Durres<\/p>\n","protected":false},"excerpt":{"rendered":"<p>Allm\u00e4nt &#8211; att leva i Albanien Att handla mat i Albanien \u00e4r ett rent n\u00f6je.&nbsp;Priserna \u00e4r mycket l\u00e5ga, en nybakad br\u00f6dlimpa kostar bara n\u00e5gra kronor i bageriet.&nbsp;Det finns m\u00e5nga sm\u00e5aff\u00e4rer med varierande utbud. Stora k\u00f6pcentran finns det inte alls, bortsett fr\u00e5n i de st\u00f6rsta st\u00e4derna. I ett litet &#8217;h\u00e5l i&#8230;<\/p>\n<p class=\"continue-reading-button\"> <a class=\"continue-reading-link\" href=\"https:\/\/albanienmaklaren.se\/?page_id=24\">L\u00e4s mer<i class=\"crycon-right-dir\"><\/i><\/a><\/p>\n","protected":false},"author":1,"featured_media":0,"parent":0,"menu_order":3,"comment_status":"closed","ping_status":"closed","template":"","meta":{"footnotes":""},"class_list":["post-24","page","type-page","status-publish","hentry"],"_links":{"self":[{"href":"https:\/\/albanienmaklaren.se\/index.php?rest_route=\/wp\/v2\/pages\/24","targetHints":{"allow":["GET"]}}],"collection":[{"href":"https:\/\/albanienmaklaren.se\/index.php?rest_route=\/wp\/v2\/pages"}],"about":[{"href":"https:\/\/albanienmaklaren.se\/index.php?rest_route=\/wp\/v2\/types\/page"}],"author":[{"embeddable":true,"href":"https:\/\/albanienmaklaren.se\/index.php?rest_route=\/wp\/v2\/users\/1"}],"replies":[{"embeddable":true,"href":"https:\/\/albanienmaklaren.se\/index.php?rest_route=%2Fwp%2Fv2%2Fcomments&post=24"}],"version-history":[{"count":4,"href":"https:\/\/albanienmaklaren.se\/index.php?rest_route=\/wp\/v2\/pages\/24\/revisions"}],"predecessor-version":[{"id":129,"href":"https:\/\/albanienmaklaren.se\/index.php?rest_route=\/wp\/v2\/pages\/24\/revisions\/129"}],"wp:attachment":[{"href":"https:\/\/albanienmaklaren.se\/index.php?rest_route=%2Fwp%2Fv2%2Fmedia&parent=24"}],"curies":[{"name":"wp","href":"https:\/\/api.w.org\/{rel}","templated":true}]}}